{"id":92,"date":"2012-04-09T22:35:39","date_gmt":"2012-04-09T19:35:39","guid":{"rendered":"http:\/\/www.penman.fi\/www\/?page_id=92"},"modified":"2013-02-24T14:00:33","modified_gmt":"2013-02-24T12:00:33","slug":"taloyhtioiden-asiakirjat","status":"publish","type":"page","link":"https:\/\/www.penman.fi\/www\/?page_id=92","title":{"rendered":"Taloyhti\u00f6iden asiakirjat"},"content":{"rendered":"<h1>Taloyhti\u00f6iden asiakirjat<\/h1>\n<h1>Google Drivess\u00e4<\/h1>\n<p>&nbsp;<\/p>\n<p>Tallennamme taloyhti\u00f6si asiakirjoja (esim. kokousp\u00f6yt\u00e4kirjat, tilinp\u00e4\u00e4t\u00f6kset, toimintakertomukset) Google Drive -palveluun, josta jokainen oman taloyhti\u00f6ns\u00e4 asioista kiinnostunut voi k\u00e4yd\u00e4 niit\u00e4 lukemassa. Google Drive -palvelun k\u00e4ytt\u00e4miseen tarvitset Google-tunnuksen, joka sinulla jo onkin, mik\u00e4li k\u00e4yt\u00e4t jotain muuta Googlen palvelua (Gmail, Youtube, Picasa, Google Calendar jne.). Mik\u00e4li sinulla ei ole Google-tunnusta, voit luoda sellaisen helposti ja ilmaiseksi <a title=\"Google-tunnuksen luominen\" href=\"https:\/\/accounts.google.com\/SignUp?continue=http%3A%2F%2Fwww.google.fi%2F&amp;hl=fi\" target=\"_blank\">t\u00e4\u00e4ll\u00e4.<\/a> Lis\u00e4tietoja Google Drive -palvelusta ja sen monipuolisista toiminnoista saat <a href=\"http:\/\/www.google.com\/google-d-s\/intl\/fi\/tour1.html\" target=\"_blank\">t\u00e4\u00e4lt\u00e4.<\/a><\/p>\n<p>Kun sinulla on k\u00e4ytt\u00f6valmis Google-tunnus, l\u00e4het\u00e4 se meill\u00e4 allaolevalla lomakkeella, niin liit\u00e4mme sinut k\u00e4ytt\u00e4j\u00e4ksi taloyhti\u00f6si Google Drive -palveluun. L\u00f6yd\u00e4t taloyhti\u00f6t\u00e4si koskevat asiakirjat sivuvalikon kohdasta <strong>&#8221;Kanssani jaetut kokoelmat&#8221;<\/strong><\/p>\n<p>Voit kokeilla Google Drive -palvelua k\u00e4ytt\u00e4m\u00e4ll\u00e4 Penman Ky:n testitunnuksia. Avaa palvelu alla n\u00e4kyv\u00e4st\u00e4 linkist\u00e4 ja sy\u00f6t\u00e4 avautuvaan kirjautumisikkunaan seuraavat tiedot:<strong><br \/>\nk\u00e4ytt\u00e4j\u00e4tunnus: <span style=\"color: #993300;\">penman.esimerkki@gmail.com<\/span>\u00a0 <\/strong>ja<strong> salasana: <span style=\"color: #993300;\">penmanesim<\/span><\/strong><\/p>\n<p>&nbsp;<\/p>\n<p><a href=\"https:\/\/accounts.google.com\/ServiceLogin?service=writely&amp;passive=1209600&amp;continue=https:\/\/docs.google.com\/?tab%3Dwo%23&amp;followup=https:\/\/docs.google.com\/?tab%3Dwo&amp;ltmpl=homepage\" target=\"_blank\">Kirjaudu t\u00e4st\u00e4 Google Drive -palveluun!<\/a><\/p>\n<p>&nbsp;<\/p>\n<p><strong>Liitt\u00e4k\u00e4\u00e4 seuraava toimiva Google-tunnus taloyhti\u00f6ni dokumentteihin:<\/strong><\/p>\n<p>&nbsp;<\/p>\n\n<div class=\"wpcf7 no-js\" id=\"wpcf7-f106-o1\" lang=\"\" dir=\"ltr\">\n<div class=\"screen-reader-response\"><p role=\"status\" aria-live=\"polite\" aria-atomic=\"true\"><\/p> <ul><\/ul><\/div>\n<form action=\"\/www\/index.php?rest_route=%2Fwp%2Fv2%2Fpages%2F92#wpcf7-f106-o1\" method=\"post\" class=\"wpcf7-form init\" aria-label=\"Yhteydenottolomake\" novalidate=\"novalidate\" data-status=\"init\">\n<div style=\"display: none;\">\n<input type=\"hidden\" name=\"_wpcf7\" value=\"106\" \/>\n<input type=\"hidden\" name=\"_wpcf7_version\" value=\"5.8.7\" \/>\n<input type=\"hidden\" name=\"_wpcf7_locale\" value=\"\" \/>\n<input type=\"hidden\" name=\"_wpcf7_unit_tag\" value=\"wpcf7-f106-o1\" \/>\n<input type=\"hidden\" name=\"_wpcf7_container_post\" value=\"0\" \/>\n<input type=\"hidden\" name=\"_wpcf7_posted_data_hash\" value=\"\" \/>\n<\/div>\n<p>Nimi *\n<\/p>\n<p><span class=\"wpcf7-form-control-wrap\" data-name=\"your-name\"><input size=\"60\" class=\"wpcf7-form-control wpcf7-text wpcf7-validates-as-required\" aria-required=\"true\" aria-invalid=\"false\" value=\"\" type=\"text\" name=\"your-name\" \/><\/span>\n<\/p>\n<p>Osoite *\n<\/p>\n<p><span class=\"wpcf7-form-control-wrap\" data-name=\"osoite\"><input size=\"60\" class=\"wpcf7-form-control wpcf7-text wpcf7-validates-as-required\" aria-required=\"true\" aria-invalid=\"false\" value=\"\" type=\"text\" name=\"osoite\" \/><\/span>\n<\/p>\n<p>Postinumero ja -toimipaikka *\n<\/p>\n<p><span class=\"wpcf7-form-control-wrap\" data-name=\"posti\"><input size=\"60\" class=\"wpcf7-form-control wpcf7-text wpcf7-validates-as-required\" aria-required=\"true\" aria-invalid=\"false\" value=\"\" type=\"text\" name=\"posti\" \/><\/span>\n<\/p>\n<p>Taloyhti\u00f6 *\n<\/p>\n<p><span class=\"wpcf7-form-control-wrap\" data-name=\"taloyhtio\"><input size=\"60\" class=\"wpcf7-form-control wpcf7-text wpcf7-validates-as-required\" aria-required=\"true\" aria-invalid=\"false\" value=\"\" type=\"text\" name=\"taloyhtio\" \/><\/span>\n<\/p>\n<p>Google-tunnukseesi liitetty s\u00e4hk\u00f6postiosoite *\n<\/p>\n<p><span class=\"wpcf7-form-control-wrap\" data-name=\"your-email\"><input size=\"60\" class=\"wpcf7-form-control wpcf7-email wpcf7-validates-as-required wpcf7-text wpcf7-validates-as-email\" aria-required=\"true\" aria-invalid=\"false\" value=\"\" type=\"email\" name=\"your-email\" \/><\/span>\n<\/p>\n<p><strong>HUOM! T\u00c4HDELL\u00c4 (*) MERKITYT OVAT PAKOLLISIA TIETOJA!<\/strong>\n<\/p>\n<p><input class=\"wpcf7-form-control wpcf7-submit has-spinner\" type=\"submit\" value=\"L\u00e4het\u00e4\" \/>\n<\/p><div class=\"wpcf7-response-output\" aria-hidden=\"true\"><\/div>\n<\/form>\n<\/div>\n\n","protected":false},"excerpt":{"rendered":"<p>Taloyhti\u00f6iden asiakirjat Google Drivess\u00e4 &nbsp; Tallennamme taloyhti\u00f6si asiakirjoja (esim. kokousp\u00f6yt\u00e4kirjat, tilinp\u00e4\u00e4t\u00f6kset, toimintakertomukset) Google Drive -palveluun, josta jokainen oman taloyhti\u00f6ns\u00e4 asioista kiinnostunut voi k\u00e4yd\u00e4 niit\u00e4 lukemassa. Google Drive -palvelun k\u00e4ytt\u00e4miseen tarvitset Google-tunnuksen, joka sinulla jo onkin, mik\u00e4li k\u00e4yt\u00e4t jotain muuta Googlen palvelua (Gmail, Youtube, Picasa, Google Calendar jne.). Mik\u00e4li sinulla ei ole Google-tunnusta, voit luoda sellaisen [&hellip;]<\/p>\n","protected":false},"author":1,"featured_media":0,"parent":0,"menu_order":100,"comment_status":"closed","ping_status":"closed","template":"","meta":{"_monsterinsights_skip_tracking":false,"_monsterinsights_sitenote_active":false,"_monsterinsights_sitenote_note":"","_monsterinsights_sitenote_category":0},"_links":{"self":[{"href":"https:\/\/www.penman.fi\/www\/index.php?rest_route=\/wp\/v2\/pages\/92"}],"collection":[{"href":"https:\/\/www.penman.fi\/www\/index.php?rest_route=\/wp\/v2\/pages"}],"about":[{"href":"https:\/\/www.penman.fi\/www\/index.php?rest_route=\/wp\/v2\/types\/page"}],"author":[{"embeddable":true,"href":"https:\/\/www.penman.fi\/www\/index.php?rest_route=\/wp\/v2\/users\/1"}],"replies":[{"embeddable":true,"href":"https:\/\/www.penman.fi\/www\/index.php?rest_route=%2Fwp%2Fv2%2Fcomments&post=92"}],"version-history":[{"count":20,"href":"https:\/\/www.penman.fi\/www\/index.php?rest_route=\/wp\/v2\/pages\/92\/revisions"}],"predecessor-version":[{"id":94,"href":"https:\/\/www.penman.fi\/www\/index.php?rest_route=\/wp\/v2\/pages\/92\/revisions\/94"}],"wp:attachment":[{"href":"https:\/\/www.penman.fi\/www\/index.php?rest_route=%2Fwp%2Fv2%2Fmedia&parent=92"}],"curies":[{"name":"wp","href":"https:\/\/api.w.org\/{rel}","templated":true}]}}