{"id":72,"date":"2012-04-06T16:33:53","date_gmt":"2012-04-06T13:33:53","guid":{"rendered":"http:\/\/www.penman.fi\/www\/?page_id=72"},"modified":"2012-05-01T14:54:32","modified_gmt":"2012-05-01T11:54:32","slug":"kun-muutatte-taloyhtioon","status":"publish","type":"page","link":"https:\/\/www.penman.fi\/www\/?page_id=72","title":{"rendered":"Kun muutatte taloyhti\u00f6\u00f6n"},"content":{"rendered":"<h1>Kun muutatte taloyhti\u00f6\u00f6n<\/h1>\n<p>&nbsp;<\/p>\n<p><strong>Muistakaa<\/strong> tehd\u00e4 seuraavat osoitteenmuutokset:<\/p>\n<ul>\n<li>muuttoilmoitus maistraattiin ja <a href=\"http:\/\/www.posti.fi\/muuttoilmoitus\/\" target=\"_blank\">postiin<\/a> www.posti.fi\/muuttoilmoitus<\/li>\n<li>sis\u00e4\u00e4nmuuttoilmoitus is\u00e4nn\u00f6itsij\u00e4toimistoon<\/li>\n<li>s\u00e4hk\u00f6sopimus energialaitoksen kanssa<\/li>\n<\/ul>\n<p><img decoding=\"async\" loading=\"lazy\" class=\"alignright size-full wp-image-205\" title=\"muutto\" src=\"http:\/\/www.penman.fi\/www\/wp-content\/uploads\/2012\/04\/muutto.jpg\" alt=\"\" width=\"150\" height=\"240\" \/><\/p>\n<p>Jos olette ostaneet asunnon, is\u00e4nn\u00f6itsij\u00e4toimisto tarvitsee seuraavat asiakirjat osakerekisterimerkint\u00e4\u00e4 varten:<\/p>\n<ul>\n<li>kauppakirja<\/li>\n<li>todistus ja kuitti varainsiirtoverosta<\/li>\n<li>osakesiirtomerkint\u00e4 osakekirjassa<\/li>\n<\/ul>\n<p>Asiakirjojen toimittamisen j\u00e4lkeen teid\u00e4t merkit\u00e4\u00e4n osakerekisteriin ja saatte vastikkeenmaksukuitit. On suositeltavaa, ett\u00e4 uusi osakas tulisi k\u00e4ym\u00e4\u00e4n is\u00e4nn\u00f6itsij\u00e4n toimistolla asiakirjojen kanssa.<\/p>\n<p>&nbsp;<\/p>\n<p>&nbsp;<\/p>\n","protected":false},"excerpt":{"rendered":"<p>Kun muutatte taloyhti\u00f6\u00f6n &nbsp; Muistakaa tehd\u00e4 seuraavat osoitteenmuutokset: muuttoilmoitus maistraattiin ja postiin www.posti.fi\/muuttoilmoitus sis\u00e4\u00e4nmuuttoilmoitus is\u00e4nn\u00f6itsij\u00e4toimistoon s\u00e4hk\u00f6sopimus energialaitoksen kanssa Jos olette ostaneet asunnon, is\u00e4nn\u00f6itsij\u00e4toimisto tarvitsee seuraavat asiakirjat osakerekisterimerkint\u00e4\u00e4 varten: kauppakirja todistus ja kuitti varainsiirtoverosta osakesiirtomerkint\u00e4 osakekirjassa Asiakirjojen toimittamisen j\u00e4lkeen teid\u00e4t merkit\u00e4\u00e4n osakerekisteriin ja saatte vastikkeenmaksukuitit. On suositeltavaa, ett\u00e4 uusi osakas tulisi k\u00e4ym\u00e4\u00e4n is\u00e4nn\u00f6itsij\u00e4n toimistolla asiakirjojen kanssa. [&hellip;]<\/p>\n","protected":false},"author":1,"featured_media":0,"parent":61,"menu_order":40,"comment_status":"closed","ping_status":"closed","template":"","meta":{"_monsterinsights_skip_tracking":false,"_monsterinsights_sitenote_active":false,"_monsterinsights_sitenote_note":"","_monsterinsights_sitenote_category":0},"_links":{"self":[{"href":"https:\/\/www.penman.fi\/www\/index.php?rest_route=\/wp\/v2\/pages\/72"}],"collection":[{"href":"https:\/\/www.penman.fi\/www\/index.php?rest_route=\/wp\/v2\/pages"}],"about":[{"href":"https:\/\/www.penman.fi\/www\/index.php?rest_route=\/wp\/v2\/types\/page"}],"author":[{"embeddable":true,"href":"https:\/\/www.penman.fi\/www\/index.php?rest_route=\/wp\/v2\/users\/1"}],"replies":[{"embeddable":true,"href":"https:\/\/www.penman.fi\/www\/index.php?rest_route=%2Fwp%2Fv2%2Fcomments&post=72"}],"version-history":[{"count":7,"href":"https:\/\/www.penman.fi\/www\/index.php?rest_route=\/wp\/v2\/pages\/72\/revisions"}],"predecessor-version":[{"id":296,"href":"https:\/\/www.penman.fi\/www\/index.php?rest_route=\/wp\/v2\/pages\/72\/revisions\/296"}],"up":[{"embeddable":true,"href":"https:\/\/www.penman.fi\/www\/index.php?rest_route=\/wp\/v2\/pages\/61"}],"wp:attachment":[{"href":"https:\/\/www.penman.fi\/www\/index.php?rest_route=%2Fwp%2Fv2%2Fmedia&parent=72"}],"curies":[{"name":"wp","href":"https:\/\/api.w.org\/{rel}","templated":true}]}}