{"id":70,"date":"2012-04-06T16:32:08","date_gmt":"2012-04-06T13:32:08","guid":{"rendered":"http:\/\/www.penman.fi\/www\/?page_id=70"},"modified":"2012-04-22T13:37:47","modified_gmt":"2012-04-22T10:37:47","slug":"isannoitsija","status":"publish","type":"page","link":"https:\/\/www.penman.fi\/www\/?page_id=70","title":{"rendered":"Is\u00e4nn\u00f6itsij\u00e4"},"content":{"rendered":"<h1>Is\u00e4nn\u00f6itsij\u00e4<\/h1>\n<p>&nbsp;<\/p>\n<h4>Is\u00e4nn\u00f6itsij\u00e4n valinta ja teht\u00e4v\u00e4t<\/h4>\n<p>Asunto-osakeyhti\u00f6ss\u00e4 is\u00e4nn\u00f6itsij\u00e4n nimitt\u00e4\u00e4 ja erottaa aina yhti\u00f6n hallitus. Valintaa teht\u00e4ess\u00e4 tulee kiinnitt\u00e4\u00e4 erityist\u00e4 huomiota is\u00e4nn\u00f6itsij\u00e4ksi valittavan ammattitaitoon ja luotettavuuteen. T\u00e4ll\u00f6in olennaisia tekij\u00f6it\u00e4 ovat alalla hankittu kokemus ja koulutus. Osaavan is\u00e4nn\u00f6itsij\u00e4n ja is\u00e4nn\u00f6itsij\u00e4toimiston tunnuksena k\u00e4ytet\u00e4\u00e4n nimilyhennyst\u00e4 ISA. Sen my\u00f6nt\u00e4\u00e4 Is\u00e4nn\u00f6itsij\u00f6iden Auktorisointiyhdistys ISA ry., joka samalla valvoo kyseisten is\u00e4nn\u00f6itsij\u00f6iden toimintaa.<\/p>\n<p>Is\u00e4nn\u00f6itsij\u00e4n juoksevaan hallintoon normaalisti kuuluvat teht\u00e4v\u00e4t on lueteltu Suomen Kiinteist\u00f6liiton is\u00e4nn\u00f6itsij\u00e4n teht\u00e4vien hoitamista koskevassa suosituksessa. Ammattitaitoinen is\u00e4nn\u00f6itsij\u00e4 on velvollinen suorittamaan n\u00e4m\u00e4 teht\u00e4v\u00e4t hyv\u00e4n is\u00e4nn\u00f6itsij\u00e4tavan mukaisesti asiakasyhti\u00f6n kanssa sopimallaan palkkiolla.<\/p>\n<p>Juoksevaan hallintoon kuulumattomien teht\u00e4vien hoitamisesta ja ja veloituksesta taloyhti\u00f6n hallituksen olisi aina sovittava erikseen is\u00e4nn\u00f6itsij\u00e4n kanssa. On kuitenkin hyv\u00e4 muistaa, ett\u00e4 is\u00e4nn\u00f6itsij\u00e4n t\u00e4rkein teht\u00e4v\u00e4 on hoitaa taloyhti\u00f6n juokseva hallinto eik\u00e4 erityist\u00e4 asiantuntemusta vaativia teht\u00e4vi\u00e4.<\/p>\n<p>&nbsp;<\/p>\n","protected":false},"excerpt":{"rendered":"<p>Is\u00e4nn\u00f6itsij\u00e4 &nbsp; Is\u00e4nn\u00f6itsij\u00e4n valinta ja teht\u00e4v\u00e4t Asunto-osakeyhti\u00f6ss\u00e4 is\u00e4nn\u00f6itsij\u00e4n nimitt\u00e4\u00e4 ja erottaa aina yhti\u00f6n hallitus. Valintaa teht\u00e4ess\u00e4 tulee kiinnitt\u00e4\u00e4 erityist\u00e4 huomiota is\u00e4nn\u00f6itsij\u00e4ksi valittavan ammattitaitoon ja luotettavuuteen. T\u00e4ll\u00f6in olennaisia tekij\u00f6it\u00e4 ovat alalla hankittu kokemus ja koulutus. Osaavan is\u00e4nn\u00f6itsij\u00e4n ja is\u00e4nn\u00f6itsij\u00e4toimiston tunnuksena k\u00e4ytet\u00e4\u00e4n nimilyhennyst\u00e4 ISA. Sen my\u00f6nt\u00e4\u00e4 Is\u00e4nn\u00f6itsij\u00f6iden Auktorisointiyhdistys ISA ry., joka samalla valvoo kyseisten is\u00e4nn\u00f6itsij\u00f6iden toimintaa. Is\u00e4nn\u00f6itsij\u00e4n [&hellip;]<\/p>\n","protected":false},"author":1,"featured_media":0,"parent":61,"menu_order":30,"comment_status":"closed","ping_status":"closed","template":"","meta":{"_monsterinsights_skip_tracking":false,"_monsterinsights_sitenote_active":false,"_monsterinsights_sitenote_note":"","_monsterinsights_sitenote_category":0},"_links":{"self":[{"href":"https:\/\/www.penman.fi\/www\/index.php?rest_route=\/wp\/v2\/pages\/70"}],"collection":[{"href":"https:\/\/www.penman.fi\/www\/index.php?rest_route=\/wp\/v2\/pages"}],"about":[{"href":"https:\/\/www.penman.fi\/www\/index.php?rest_route=\/wp\/v2\/types\/page"}],"author":[{"embeddable":true,"href":"https:\/\/www.penman.fi\/www\/index.php?rest_route=\/wp\/v2\/users\/1"}],"replies":[{"embeddable":true,"href":"https:\/\/www.penman.fi\/www\/index.php?rest_route=%2Fwp%2Fv2%2Fcomments&post=70"}],"version-history":[{"count":2,"href":"https:\/\/www.penman.fi\/www\/index.php?rest_route=\/wp\/v2\/pages\/70\/revisions"}],"predecessor-version":[{"id":253,"href":"https:\/\/www.penman.fi\/www\/index.php?rest_route=\/wp\/v2\/pages\/70\/revisions\/253"}],"up":[{"embeddable":true,"href":"https:\/\/www.penman.fi\/www\/index.php?rest_route=\/wp\/v2\/pages\/61"}],"wp:attachment":[{"href":"https:\/\/www.penman.fi\/www\/index.php?rest_route=%2Fwp%2Fv2%2Fmedia&parent=70"}],"curies":[{"name":"wp","href":"https:\/\/api.w.org\/{rel}","templated":true}]}}