{"id":61,"date":"2012-04-06T16:25:27","date_gmt":"2012-04-06T13:25:27","guid":{"rendered":"http:\/\/www.penman.fi\/www\/?page_id=61"},"modified":"2012-05-01T14:52:40","modified_gmt":"2012-05-01T11:52:40","slug":"hyva-tietaa","status":"publish","type":"page","link":"https:\/\/www.penman.fi\/www\/?page_id=61","title":{"rendered":"Hyv\u00e4 tiet\u00e4\u00e4"},"content":{"rendered":"<h1>Hyv\u00e4 tiet\u00e4\u00e4<\/h1>\n<p><img decoding=\"async\" loading=\"lazy\" class=\"alignright size-full wp-image-235\" title=\"faktaa\" src=\"http:\/\/www.penman.fi\/www\/wp-content\/uploads\/2012\/04\/faktaa2.jpg\" alt=\"\" width=\"150\" height=\"240\" \/><\/p>\n<p>&nbsp;<\/p>\n<p><strong>Hyv\u00e4 tiet\u00e4\u00e4<\/strong> -valikosta l\u00f6yd\u00e4t helposti tarpeellista tietoa. Olemme koonneet sivuille tietoa taloyhti\u00f6n hallinnosta, yhti\u00f6kokouksesta, muuttamisesta, osakeluetteloon merkitsemist\u00e4, asumisen turvallisuudesta ja hy\u00f6dyllisi\u00e4 linkkej\u00e4 asumiseen ja is\u00e4nn\u00f6intiin liittyen.<\/p>\n<p>&nbsp;<\/p>\n<p>&nbsp;<\/p>\n","protected":false},"excerpt":{"rendered":"<p>Hyv\u00e4 tiet\u00e4\u00e4 &nbsp; Hyv\u00e4 tiet\u00e4\u00e4 -valikosta l\u00f6yd\u00e4t helposti tarpeellista tietoa. Olemme koonneet sivuille tietoa taloyhti\u00f6n hallinnosta, yhti\u00f6kokouksesta, muuttamisesta, osakeluetteloon merkitsemist\u00e4, asumisen turvallisuudesta ja hy\u00f6dyllisi\u00e4 linkkej\u00e4 asumiseen ja is\u00e4nn\u00f6intiin liittyen. &nbsp; &nbsp;<\/p>\n","protected":false},"author":1,"featured_media":0,"parent":0,"menu_order":30,"comment_status":"closed","ping_status":"closed","template":"","meta":{"_monsterinsights_skip_tracking":false,"_monsterinsights_sitenote_active":false,"_monsterinsights_sitenote_note":"","_monsterinsights_sitenote_category":0},"_links":{"self":[{"href":"https:\/\/www.penman.fi\/www\/index.php?rest_route=\/wp\/v2\/pages\/61"}],"collection":[{"href":"https:\/\/www.penman.fi\/www\/index.php?rest_route=\/wp\/v2\/pages"}],"about":[{"href":"https:\/\/www.penman.fi\/www\/index.php?rest_route=\/wp\/v2\/types\/page"}],"author":[{"embeddable":true,"href":"https:\/\/www.penman.fi\/www\/index.php?rest_route=\/wp\/v2\/users\/1"}],"replies":[{"embeddable":true,"href":"https:\/\/www.penman.fi\/www\/index.php?rest_route=%2Fwp%2Fv2%2Fcomments&post=61"}],"version-history":[{"count":11,"href":"https:\/\/www.penman.fi\/www\/index.php?rest_route=\/wp\/v2\/pages\/61\/revisions"}],"predecessor-version":[{"id":191,"href":"https:\/\/www.penman.fi\/www\/index.php?rest_route=\/wp\/v2\/pages\/61\/revisions\/191"}],"wp:attachment":[{"href":"https:\/\/www.penman.fi\/www\/index.php?rest_route=%2Fwp%2Fv2%2Fmedia&parent=61"}],"curies":[{"name":"wp","href":"https:\/\/api.w.org\/{rel}","templated":true}]}}