{"id":46,"date":"2012-04-04T19:43:42","date_gmt":"2012-04-04T16:43:42","guid":{"rendered":"http:\/\/www.penman.fi\/www\/?page_id=46"},"modified":"2012-05-01T14:40:00","modified_gmt":"2012-05-01T11:40:00","slug":"46-2","status":"publish","type":"page","link":"https:\/\/www.penman.fi\/www\/?page_id=46","title":{"rendered":"Muutosty\u00f6st\u00e4 ilmoittaminen"},"content":{"rendered":"<h1>Muutosty\u00f6 ja siit\u00e4 ilmoittaminen<\/h1>\n<p>&nbsp;<\/p>\n<p><strong>Ilmoita<\/strong> suunnittelemastasi muutosty\u00f6st\u00e4 &#8211; ohjeet t\u00e4ytett\u00e4v\u00e4n ja tulostettavan nettiversion k\u00e4ytt\u00e4miseen aukeavat klikkaamalla <a href=\"http:\/\/www.penman.fi\/www\/?page_id=133\">t\u00e4st\u00e4!<\/a><\/p>\n<ul>\n<li>ota alustavasti yhteytt\u00e4 is\u00e4nn\u00f6itsij\u00e4\u00e4n suunnitellessasi muutosty\u00f6t\u00e4<\/li>\n<li>toimita muutosty\u00f6ilmoitus is\u00e4nn\u00f6itsij\u00e4lle &#8211; h\u00e4n my\u00f6s opastaa tarvittaessa ilmoituksen t\u00e4yt\u00f6ss\u00e4<\/li>\n<\/ul>\n<p>&nbsp;<\/p>\n<h4>Tarkennuksia<\/h4>\n<ul>\n<li>Tarkista jo suunnitteluvaihessa tarvitseeko korjaustoimenpide rakennuslupaa. N\u00e4it\u00e4 rakennusluvanvaraisia t\u00f6it\u00e4 ovat esim. asuntosaunan rakentaminen ja yleens\u00e4 m\u00e4rk\u00e4tilojen laajentaminen kuivaan tilaan ja huoneiston k\u00e4ytt\u00f6tarkoituksen muutos.<\/li>\n<li>Rakennusluvan hakeminen vaatii aina ammattitaitoisen p\u00e4\u00e4suunnittelijan palkkaamista sek\u00e4 suunnitelmien esitt\u00e4misen taloyhti\u00f6n hyv\u00e4ksytt\u00e4v\u00e4ksi valtakirjan saamiseksi rakennusluvan hakemiseen. Laaja kohde vaatii my\u00f6s erillisen valvojan, jonka kustannuksista vastaa osakas.<\/li>\n<\/ul>\n<h4><\/h4>\n<h4>Mit\u00e4 muutosty\u00f6t ja valvonta maksaa?<\/h4>\n<ul>\n<li>&#8221;Ty\u00f6t\u00e4 teett\u00e4v\u00e4 osakas vastaa tarpeellisista ja kohtuullisista ty\u00f6n toteuttamiseen liittyvist\u00e4 yhti\u00f6n valvontakuluista&#8221; (AOyL 4:9.2 \u00a7 ja 5:7.3 \u00a7)<\/li>\n<li>Oikein tehdyn remontti-ilmoituksen vastaanottaminen ei maksa osakkaalle. Mutta jos ilmoituksessa tarvitaan opastusta ja t\u00e4ydennyst\u00e4, kulut maksaa osakas.<\/li>\n<li>Jos remontissa ei tarvita taloyhti\u00f6n valvontaa, vaan ty\u00f6n tekev\u00e4t valtuutetut ammattilaiset (esim. hanojen vaihto), siit\u00e4 ei aiheudu osakkaalle erillisi\u00e4 valvontakustannuksia, mutta taloyhti\u00f6n valvonnan kustannukset maksaa osakas.<\/li>\n<li>Remontti-ilmoituksen vastaanottamisen ja arkistoinnin taloyhti\u00f6n tietoihin maksaa yhti\u00f6.<\/li>\n<\/ul>\n<p>&nbsp;<\/p>\n<p>&nbsp;<\/p>\n","protected":false},"excerpt":{"rendered":"<p>Muutosty\u00f6 ja siit\u00e4 ilmoittaminen &nbsp; Ilmoita suunnittelemastasi muutosty\u00f6st\u00e4 &#8211; ohjeet t\u00e4ytett\u00e4v\u00e4n ja tulostettavan nettiversion k\u00e4ytt\u00e4miseen aukeavat klikkaamalla t\u00e4st\u00e4! ota alustavasti yhteytt\u00e4 is\u00e4nn\u00f6itsij\u00e4\u00e4n suunnitellessasi muutosty\u00f6t\u00e4 toimita muutosty\u00f6ilmoitus is\u00e4nn\u00f6itsij\u00e4lle &#8211; h\u00e4n my\u00f6s opastaa tarvittaessa ilmoituksen t\u00e4yt\u00f6ss\u00e4 &nbsp; Tarkennuksia Tarkista jo suunnitteluvaihessa tarvitseeko korjaustoimenpide rakennuslupaa. N\u00e4it\u00e4 rakennusluvanvaraisia t\u00f6it\u00e4 ovat esim. asuntosaunan rakentaminen ja yleens\u00e4 m\u00e4rk\u00e4tilojen laajentaminen kuivaan tilaan [&hellip;]<\/p>\n","protected":false},"author":1,"featured_media":0,"parent":42,"menu_order":10,"comment_status":"closed","ping_status":"closed","template":"","meta":{"_monsterinsights_skip_tracking":false,"_monsterinsights_sitenote_active":false,"_monsterinsights_sitenote_note":"","_monsterinsights_sitenote_category":0},"_links":{"self":[{"href":"https:\/\/www.penman.fi\/www\/index.php?rest_route=\/wp\/v2\/pages\/46"}],"collection":[{"href":"https:\/\/www.penman.fi\/www\/index.php?rest_route=\/wp\/v2\/pages"}],"about":[{"href":"https:\/\/www.penman.fi\/www\/index.php?rest_route=\/wp\/v2\/types\/page"}],"author":[{"embeddable":true,"href":"https:\/\/www.penman.fi\/www\/index.php?rest_route=\/wp\/v2\/users\/1"}],"replies":[{"embeddable":true,"href":"https:\/\/www.penman.fi\/www\/index.php?rest_route=%2Fwp%2Fv2%2Fcomments&post=46"}],"version-history":[{"count":18,"href":"https:\/\/www.penman.fi\/www\/index.php?rest_route=\/wp\/v2\/pages\/46\/revisions"}],"predecessor-version":[{"id":53,"href":"https:\/\/www.penman.fi\/www\/index.php?rest_route=\/wp\/v2\/pages\/46\/revisions\/53"}],"up":[{"embeddable":true,"href":"https:\/\/www.penman.fi\/www\/index.php?rest_route=\/wp\/v2\/pages\/42"}],"wp:attachment":[{"href":"https:\/\/www.penman.fi\/www\/index.php?rest_route=%2Fwp%2Fv2%2Fmedia&parent=46"}],"curies":[{"name":"wp","href":"https:\/\/api.w.org\/{rel}","templated":true}]}}