{"id":4,"date":"2012-03-19T22:44:19","date_gmt":"2012-03-19T20:44:19","guid":{"rendered":"http:\/\/www.penman.fi\/www\/?page_id=4"},"modified":"2012-09-17T17:28:24","modified_gmt":"2012-09-17T14:28:24","slug":"etusivu","status":"publish","type":"page","link":"https:\/\/www.penman.fi\/www\/","title":{"rendered":"Etusivu"},"content":{"rendered":"<h1>Turvallista asumisen tulevaisuutta.<\/h1>\n<p><a href=\"http:\/\/www.penman.fi\/www\/wp-content\/uploads\/2012\/03\/etu.jpg\"><img decoding=\"async\" loading=\"lazy\" class=\"size-full wp-image-148 alignleft\" title=\"etu\" src=\"http:\/\/www.penman.fi\/www\/wp-content\/uploads\/2012\/03\/etu.jpg\" alt=\"\" width=\"400\" height=\"250\" srcset=\"https:\/\/www.penman.fi\/www\/wp-content\/uploads\/2012\/03\/etu.jpg 400w, https:\/\/www.penman.fi\/www\/wp-content\/uploads\/2012\/03\/etu-300x187.jpg 300w\" sizes=\"(max-width: 400px) 100vw, 400px\" \/><\/a><\/p>\n<p>&nbsp;<\/p>\n<p>&nbsp;<\/p>\n<p>&nbsp;<\/p>\n<p>&nbsp;<\/p>\n<p>&nbsp;<\/p>\n<p>&nbsp;<\/p>\n<p>&nbsp;<\/p>\n<p>&nbsp;<\/p>\n<p>&nbsp;<\/p>\n<p>&nbsp;<\/p>\n<p><strong>Is\u00e4nn\u00f6itsij\u00e4n\u00e4<\/strong> emme tee turhaa ty\u00f6t\u00e4 &#8211; me teemme ty\u00f6t\u00e4 <em>taloyhti\u00f6n, osakkaiden ja asukkaiden parhaaksi<\/em>. Osakkaat p\u00e4\u00e4tt\u00e4v\u00e4t ja is\u00e4nn\u00f6itsij\u00e4 ammattitaidollaan sek\u00e4 valmistelee ett\u00e4 vie eteenp\u00e4in p\u00e4\u00e4t\u00f6ksi\u00e4 ja hoitaa k\u00e4yt\u00e4nn\u00f6n asiat. <strong><span style=\"color: #993300;\">Sit\u00e4 on is\u00e4nn\u00f6inti<\/span>.<\/strong><\/p>\n<p><strong>Yhteisty\u00f6ss\u00e4<\/strong> toimien autamme l\u00f6yt\u00e4m\u00e4\u00e4n yhti\u00f6asumisesta sen parhaat puolet. Eteen tulevat arkip\u00e4iv\u00e4n ongelmat ratkaisemme luottamuksen hengess\u00e4. Luomme kanssanne sen juuri teille parhaan asumisymp\u00e4rist\u00f6n. Yhti\u00f6 on asukkaita varten. <strong><span style=\"color: #993300;\">Niin my\u00f6s is\u00e4nn\u00f6itsij\u00e4.<\/span><\/strong><\/p>\n<p><strong>Rahakaan<\/strong> ei ole sivuseikka. Asuminen on kallista, mutta mukavinta ja halvinta asuminen on silloin, kun paikat ovat kunnossa. Sen tavoitteen eteen teemme ty\u00f6t\u00e4 &#8211; kokemuksella ja ammattitaidolla. Mieluummin etuk\u00e4teen miettien kuin viimeisess\u00e4 h\u00e4d\u00e4ss\u00e4 huutaen.<br \/>\n<strong><span style=\"color: #993300;\">Sit\u00e4 varten on is\u00e4nn\u00f6itsij\u00e4.<\/span><\/strong><\/p>\n<p>&nbsp;<\/p>\n","protected":false},"excerpt":{"rendered":"<p>Turvallista asumisen tulevaisuutta. &nbsp; &nbsp; &nbsp; &nbsp; &nbsp; &nbsp; &nbsp; &nbsp; &nbsp; &nbsp; Is\u00e4nn\u00f6itsij\u00e4n\u00e4 emme tee turhaa ty\u00f6t\u00e4 &#8211; me teemme ty\u00f6t\u00e4 taloyhti\u00f6n, osakkaiden ja asukkaiden parhaaksi. Osakkaat p\u00e4\u00e4tt\u00e4v\u00e4t ja is\u00e4nn\u00f6itsij\u00e4 ammattitaidollaan sek\u00e4 valmistelee ett\u00e4 vie eteenp\u00e4in p\u00e4\u00e4t\u00f6ksi\u00e4 ja hoitaa k\u00e4yt\u00e4nn\u00f6n asiat. Sit\u00e4 on is\u00e4nn\u00f6inti. Yhteisty\u00f6ss\u00e4 toimien autamme l\u00f6yt\u00e4m\u00e4\u00e4n yhti\u00f6asumisesta sen parhaat puolet. Eteen tulevat [&hellip;]<\/p>\n","protected":false},"author":1,"featured_media":0,"parent":0,"menu_order":0,"comment_status":"closed","ping_status":"closed","template":"","meta":{"_monsterinsights_skip_tracking":false,"_monsterinsights_sitenote_active":false,"_monsterinsights_sitenote_note":"","_monsterinsights_sitenote_category":0},"_links":{"self":[{"href":"https:\/\/www.penman.fi\/www\/index.php?rest_route=\/wp\/v2\/pages\/4"}],"collection":[{"href":"https:\/\/www.penman.fi\/www\/index.php?rest_route=\/wp\/v2\/pages"}],"about":[{"href":"https:\/\/www.penman.fi\/www\/index.php?rest_route=\/wp\/v2\/types\/page"}],"author":[{"embeddable":true,"href":"https:\/\/www.penman.fi\/www\/index.php?rest_route=\/wp\/v2\/users\/1"}],"replies":[{"embeddable":true,"href":"https:\/\/www.penman.fi\/www\/index.php?rest_route=%2Fwp%2Fv2%2Fcomments&post=4"}],"version-history":[{"count":22,"href":"https:\/\/www.penman.fi\/www\/index.php?rest_route=\/wp\/v2\/pages\/4\/revisions"}],"predecessor-version":[{"id":342,"href":"https:\/\/www.penman.fi\/www\/index.php?rest_route=\/wp\/v2\/pages\/4\/revisions\/342"}],"wp:attachment":[{"href":"https:\/\/www.penman.fi\/www\/index.php?rest_route=%2Fwp%2Fv2%2Fmedia&parent=4"}],"curies":[{"name":"wp","href":"https:\/\/api.w.org\/{rel}","templated":true}]}}