{"id":26,"date":"2012-04-01T15:20:39","date_gmt":"2012-04-01T12:20:39","guid":{"rendered":"http:\/\/www.penman.fi\/www\/?page_id=26"},"modified":"2012-05-01T12:31:31","modified_gmt":"2012-05-01T09:31:31","slug":"osakkaalle","status":"publish","type":"page","link":"https:\/\/www.penman.fi\/www\/?page_id=26","title":{"rendered":"Osakkaalle"},"content":{"rendered":"<h1>Hy\u00f6dyllist\u00e4 tietoa osakkaille<\/h1>\n<p>&nbsp;<\/p>\n<p><strong>Asunto<\/strong> on monen suomalaisen suurin omaisuus, josta kannattaa pit\u00e4\u00e4 huolta ja jonka historiaan ja tulevaisuuden suunnitelmiin kannattaa tutustua. Osakkailla on taloyhti\u00f6ss\u00e4 ylin p\u00e4\u00e4t\u00f6svalta, jota he k\u00e4ytt\u00e4v\u00e4t yhti\u00f6kokouksissa. Vasemmalta l\u00f6ytyvien linkkien takana on paljon hy\u00f6dyllist\u00e4 tietoa.<\/p>\n<p>&nbsp;<\/p>\n<p><a href=\"http:\/\/www.penman.fi\/www\/wp-content\/uploads\/2012\/04\/asunto1.jpg\"><img decoding=\"async\" loading=\"lazy\" class=\"alignleft size-full wp-image-182\" title=\"asunto1\" src=\"http:\/\/www.penman.fi\/www\/wp-content\/uploads\/2012\/04\/asunto1.jpg\" alt=\"\" width=\"400\" height=\"250\" srcset=\"https:\/\/www.penman.fi\/www\/wp-content\/uploads\/2012\/04\/asunto1.jpg 400w, https:\/\/www.penman.fi\/www\/wp-content\/uploads\/2012\/04\/asunto1-300x187.jpg 300w\" sizes=\"(max-width: 400px) 100vw, 400px\" \/><\/a><\/p>\n","protected":false},"excerpt":{"rendered":"<p>Hy\u00f6dyllist\u00e4 tietoa osakkaille &nbsp; Asunto on monen suomalaisen suurin omaisuus, josta kannattaa pit\u00e4\u00e4 huolta ja jonka historiaan ja tulevaisuuden suunnitelmiin kannattaa tutustua. Osakkailla on taloyhti\u00f6ss\u00e4 ylin p\u00e4\u00e4t\u00f6svalta, jota he k\u00e4ytt\u00e4v\u00e4t yhti\u00f6kokouksissa. Vasemmalta l\u00f6ytyvien linkkien takana on paljon hy\u00f6dyllist\u00e4 tietoa. &nbsp;<\/p>\n","protected":false},"author":1,"featured_media":0,"parent":0,"menu_order":10,"comment_status":"closed","ping_status":"closed","template":"","meta":{"_monsterinsights_skip_tracking":false,"_monsterinsights_sitenote_active":false,"_monsterinsights_sitenote_note":"","_monsterinsights_sitenote_category":0},"_links":{"self":[{"href":"https:\/\/www.penman.fi\/www\/index.php?rest_route=\/wp\/v2\/pages\/26"}],"collection":[{"href":"https:\/\/www.penman.fi\/www\/index.php?rest_route=\/wp\/v2\/pages"}],"about":[{"href":"https:\/\/www.penman.fi\/www\/index.php?rest_route=\/wp\/v2\/types\/page"}],"author":[{"embeddable":true,"href":"https:\/\/www.penman.fi\/www\/index.php?rest_route=\/wp\/v2\/users\/1"}],"replies":[{"embeddable":true,"href":"https:\/\/www.penman.fi\/www\/index.php?rest_route=%2Fwp%2Fv2%2Fcomments&post=26"}],"version-history":[{"count":6,"href":"https:\/\/www.penman.fi\/www\/index.php?rest_route=\/wp\/v2\/pages\/26\/revisions"}],"predecessor-version":[{"id":172,"href":"https:\/\/www.penman.fi\/www\/index.php?rest_route=\/wp\/v2\/pages\/26\/revisions\/172"}],"wp:attachment":[{"href":"https:\/\/www.penman.fi\/www\/index.php?rest_route=%2Fwp%2Fv2%2Fmedia&parent=26"}],"curies":[{"name":"wp","href":"https:\/\/api.w.org\/{rel}","templated":true}]}}