{"id":240,"date":"2012-04-22T13:05:01","date_gmt":"2012-04-22T10:05:01","guid":{"rendered":"http:\/\/www.penman.fi\/www\/?page_id=240"},"modified":"2012-05-07T02:53:51","modified_gmt":"2012-05-06T23:53:51","slug":"pyyda-tarjous","status":"publish","type":"page","link":"https:\/\/www.penman.fi\/www\/?page_id=240","title":{"rendered":"Pyyd\u00e4 tarjous!"},"content":{"rendered":"<h1>Pyyd\u00e4 tarjous is\u00e4nn\u00f6innist\u00e4!<\/h1>\n<p>&nbsp;<\/p>\n<p>Haluaisitko, ett\u00e4 Penman Ky vastaisi sinunkin taloyhti\u00f6si is\u00e4nn\u00f6innist\u00e4? Seh\u00e4n sopii! T\u00e4yt\u00e4 aluksi oheinen tarjouspyynt\u00f6lomake. Voit toki my\u00f6s soittaa ja kertoa kohteesi tiedot suullisesti.<\/p>\n<p>&nbsp;<\/p>\n\n<div class=\"wpcf7 no-js\" id=\"wpcf7-f242-o1\" lang=\"\" dir=\"ltr\">\n<div class=\"screen-reader-response\"><p role=\"status\" aria-live=\"polite\" aria-atomic=\"true\"><\/p> <ul><\/ul><\/div>\n<form action=\"\/www\/index.php?rest_route=%2Fwp%2Fv2%2Fpages%2F240#wpcf7-f242-o1\" method=\"post\" class=\"wpcf7-form init\" aria-label=\"Yhteydenottolomake\" novalidate=\"novalidate\" data-status=\"init\">\n<div style=\"display: none;\">\n<input type=\"hidden\" name=\"_wpcf7\" value=\"242\" \/>\n<input type=\"hidden\" name=\"_wpcf7_version\" value=\"5.8.7\" \/>\n<input type=\"hidden\" name=\"_wpcf7_locale\" value=\"\" \/>\n<input type=\"hidden\" name=\"_wpcf7_unit_tag\" value=\"wpcf7-f242-o1\" \/>\n<input type=\"hidden\" name=\"_wpcf7_container_post\" value=\"0\" \/>\n<input type=\"hidden\" name=\"_wpcf7_posted_data_hash\" value=\"\" \/>\n<\/div>\n<p>Taloyhti\u00f6n nimi\n<\/p>\n<p><span class=\"wpcf7-form-control-wrap\" data-name=\"yhtio-name\"><input size=\"60\" class=\"wpcf7-form-control wpcf7-text\" aria-invalid=\"false\" value=\"\" type=\"text\" name=\"yhtio-name\" \/><\/span>\n<\/p>\n<p>Katuosoite\n<\/p>\n<p><span class=\"wpcf7-form-control-wrap\" data-name=\"yhtio-osoite\"><input size=\"60\" class=\"wpcf7-form-control wpcf7-text\" aria-invalid=\"false\" value=\"\" type=\"text\" name=\"yhtio-osoite\" \/><\/span>\n<\/p>\n<p>Postinumero ja -toimipaikka\n<\/p>\n<p><span class=\"wpcf7-form-control-wrap\" data-name=\"yhtio-posti\"><input size=\"60\" class=\"wpcf7-form-control wpcf7-text\" aria-invalid=\"false\" value=\"\" type=\"text\" name=\"yhtio-posti\" \/><\/span>\n<\/p>\n<p>Rakennusvuosi\n<\/p>\n<p><span class=\"wpcf7-form-control-wrap\" data-name=\"rakvuosi\"><input size=\"60\" class=\"wpcf7-form-control wpcf7-text\" aria-invalid=\"false\" value=\"\" type=\"text\" name=\"rakvuosi\" \/><\/span>\n<\/p>\n<p>Rakennusten lukum\u00e4\u00e4r\u00e4\n<\/p>\n<p><span class=\"wpcf7-form-control-wrap\" data-name=\"raklukum\"><input size=\"60\" class=\"wpcf7-form-control wpcf7-text\" aria-invalid=\"false\" value=\"\" type=\"text\" name=\"raklukum\" \/><\/span>\n<\/p>\n<p>Porrask\u00e4yt\u00e4vien lukum\u00e4\u00e4r\u00e4\n<\/p>\n<p><span class=\"wpcf7-form-control-wrap\" data-name=\"porraslukum\"><input size=\"60\" class=\"wpcf7-form-control wpcf7-text\" aria-invalid=\"false\" value=\"\" type=\"text\" name=\"porraslukum\" \/><\/span>\n<\/p>\n<p>L\u00e4mmitysj\u00e4rjestelm\u00e4\n<\/p>\n<p><span class=\"wpcf7-form-control-wrap\" data-name=\"lammitys\"><input size=\"60\" class=\"wpcf7-form-control wpcf7-text\" aria-invalid=\"false\" value=\"\" type=\"text\" name=\"lammitys\" \/><\/span>\n<\/p>\n<p>Asuinhuoneistojen lukum\u00e4\u00e4r\u00e4\n<\/p>\n<p><span class=\"wpcf7-form-control-wrap\" data-name=\"asuinlukum\"><input size=\"60\" class=\"wpcf7-form-control wpcf7-text\" aria-invalid=\"false\" value=\"\" type=\"text\" name=\"asuinlukum\" \/><\/span>\n<\/p>\n<p>Asuinhuoneistojen yhteenlaskettu pinta-ala\n<\/p>\n<p><span class=\"wpcf7-form-control-wrap\" data-name=\"asuinpinta-ala\"><input size=\"60\" class=\"wpcf7-form-control wpcf7-text\" aria-invalid=\"false\" value=\"\" type=\"text\" name=\"asuinpinta-ala\" \/><\/span>\n<\/p>\n<p>Liikehuoneistojen lukum\u00e4\u00e4r\u00e4\n<\/p>\n<p><span class=\"wpcf7-form-control-wrap\" data-name=\"liikelukum\"><input size=\"60\" class=\"wpcf7-form-control wpcf7-text\" aria-invalid=\"false\" value=\"\" type=\"text\" name=\"liikelukum\" \/><\/span>\n<\/p>\n<p>Rakennuksien tilavuus m3\n<\/p>\n<p><span class=\"wpcf7-form-control-wrap\" data-name=\"tilavuus\"><input size=\"60\" class=\"wpcf7-form-control wpcf7-text\" aria-invalid=\"false\" value=\"\" type=\"text\" name=\"tilavuus\" \/><\/span>\n<\/p>\n<p>Muita tiloja\n<\/p>\n<p><span class=\"wpcf7-form-control-wrap\" data-name=\"muuttilat\"><input size=\"60\" class=\"wpcf7-form-control wpcf7-text\" aria-invalid=\"false\" value=\"\" type=\"text\" name=\"muuttilat\" \/><\/span>\n<\/p>\n<p>Autopaikkoja\n<\/p>\n<p><span class=\"wpcf7-form-control-wrap\" data-name=\"autopaikat\"><input size=\"60\" class=\"wpcf7-form-control wpcf7-text\" aria-invalid=\"false\" value=\"\" type=\"text\" name=\"autopaikat\" \/><\/span>\n<\/p>\n<p>Autokatosten \/ tallien lukum\u00e4\u00e4r\u00e4\n<\/p>\n<p><span class=\"wpcf7-form-control-wrap\" data-name=\"autokatos\"><input size=\"60\" class=\"wpcf7-form-control wpcf7-text\" aria-invalid=\"false\" value=\"\" type=\"text\" name=\"autokatos\" \/><\/span>\n<\/p>\n<p>Saunojen lukum\u00e4\u00e4r\u00e4\n<\/p>\n<p><span class=\"wpcf7-form-control-wrap\" data-name=\"saunat\"><input size=\"60\" class=\"wpcf7-form-control wpcf7-text\" aria-invalid=\"false\" value=\"\" type=\"text\" name=\"saunat\" \/><\/span>\n<\/p>\n<p>Pesutupien lukum\u00e4\u00e4r\u00e4\n<\/p>\n<p><span class=\"wpcf7-form-control-wrap\" data-name=\"pesutuvat\"><input size=\"60\" class=\"wpcf7-form-control wpcf7-text\" aria-invalid=\"false\" value=\"\" type=\"text\" name=\"pesutuvat\" \/><\/span>\n<\/p>\n<p><strong>Yhteyshenkil\u00f6<\/strong>\n<\/p>\n<p>Nimi *\n<\/p>\n<p><span class=\"wpcf7-form-control-wrap\" data-name=\"nimi\"><input size=\"60\" class=\"wpcf7-form-control wpcf7-text\" aria-invalid=\"false\" value=\"\" type=\"text\" name=\"nimi\" \/><\/span>\n<\/p>\n<p>Katuosoite *\n<\/p>\n<p><span class=\"wpcf7-form-control-wrap\" data-name=\"osoite\"><input size=\"60\" class=\"wpcf7-form-control wpcf7-text wpcf7-validates-as-required\" aria-required=\"true\" aria-invalid=\"false\" value=\"\" type=\"text\" name=\"osoite\" \/><\/span>\n<\/p>\n<p>Postinumero ja -toimipaikka *\n<\/p>\n<p><span class=\"wpcf7-form-control-wrap\" data-name=\"posti\"><input size=\"60\" class=\"wpcf7-form-control wpcf7-text wpcf7-validates-as-required\" aria-required=\"true\" aria-invalid=\"false\" value=\"\" type=\"text\" name=\"posti\" \/><\/span>\n<\/p>\n<p>Puhelinnumero *\n<\/p>\n<p><span class=\"wpcf7-form-control-wrap\" data-name=\"puhnro\"><input size=\"60\" class=\"wpcf7-form-control wpcf7-text wpcf7-validates-as-required\" aria-required=\"true\" aria-invalid=\"false\" value=\"\" type=\"text\" name=\"puhnro\" \/><\/span>\n<\/p>\n<p>S\u00e4hk\u00f6posti *\n<\/p>\n<p><span class=\"wpcf7-form-control-wrap\" data-name=\"your-email\"><input size=\"60\" class=\"wpcf7-form-control wpcf7-email wpcf7-validates-as-required wpcf7-text wpcf7-validates-as-email\" aria-required=\"true\" aria-invalid=\"false\" value=\"\" type=\"email\" name=\"your-email\" \/><\/span>\n<\/p>\n<p>Lis\u00e4tietoja ja huomioitavaa\n<\/p>\n<p><span class=\"wpcf7-form-control-wrap\" data-name=\"your-message\"><textarea cols=\"40\" rows=\"10\" class=\"wpcf7-form-control wpcf7-textarea\" aria-invalid=\"false\" name=\"your-message\"><\/textarea><\/span>\n<\/p>\n<p><strong>HUOM! T\u00c4HDELL\u00c4 (*) MERKITYT OVAT PAKOLLISIA TIETOJA!<\/strong>\n<\/p>\n<p><input class=\"wpcf7-form-control wpcf7-submit has-spinner\" type=\"submit\" value=\"L\u00e4het\u00e4\" \/>\n<\/p><div class=\"wpcf7-response-output\" aria-hidden=\"true\"><\/div>\n<\/form>\n<\/div>\n\n","protected":false},"excerpt":{"rendered":"<p>Pyyd\u00e4 tarjous is\u00e4nn\u00f6innist\u00e4! &nbsp; Haluaisitko, ett\u00e4 Penman Ky vastaisi sinunkin taloyhti\u00f6si is\u00e4nn\u00f6innist\u00e4? Seh\u00e4n sopii! T\u00e4yt\u00e4 aluksi oheinen tarjouspyynt\u00f6lomake. Voit toki my\u00f6s soittaa ja kertoa kohteesi tiedot suullisesti. &nbsp;<\/p>\n","protected":false},"author":1,"featured_media":0,"parent":0,"menu_order":500,"comment_status":"closed","ping_status":"closed","template":"","meta":{"_monsterinsights_skip_tracking":false,"_monsterinsights_sitenote_active":false,"_monsterinsights_sitenote_note":"","_monsterinsights_sitenote_category":0},"_links":{"self":[{"href":"https:\/\/www.penman.fi\/www\/index.php?rest_route=\/wp\/v2\/pages\/240"}],"collection":[{"href":"https:\/\/www.penman.fi\/www\/index.php?rest_route=\/wp\/v2\/pages"}],"about":[{"href":"https:\/\/www.penman.fi\/www\/index.php?rest_route=\/wp\/v2\/types\/page"}],"author":[{"embeddable":true,"href":"https:\/\/www.penman.fi\/www\/index.php?rest_route=\/wp\/v2\/users\/1"}],"replies":[{"embeddable":true,"href":"https:\/\/www.penman.fi\/www\/index.php?rest_route=%2Fwp%2Fv2%2Fcomments&post=240"}],"version-history":[{"count":5,"href":"https:\/\/www.penman.fi\/www\/index.php?rest_route=\/wp\/v2\/pages\/240\/revisions"}],"predecessor-version":[{"id":243,"href":"https:\/\/www.penman.fi\/www\/index.php?rest_route=\/wp\/v2\/pages\/240\/revisions\/243"}],"wp:attachment":[{"href":"https:\/\/www.penman.fi\/www\/index.php?rest_route=%2Fwp%2Fv2%2Fmedia&parent=240"}],"curies":[{"name":"wp","href":"https:\/\/api.w.org\/{rel}","templated":true}]}}