{"id":24,"date":"2012-04-01T15:20:20","date_gmt":"2012-04-01T12:20:20","guid":{"rendered":"http:\/\/www.penman.fi\/www\/?page_id=24"},"modified":"2012-04-22T11:02:42","modified_gmt":"2012-04-22T08:02:42","slug":"asukkaalle","status":"publish","type":"page","link":"https:\/\/www.penman.fi\/www\/?page_id=24","title":{"rendered":"Asukkaalle"},"content":{"rendered":"<h1>Muuttajan muistilista<\/h1>\n<p><a href=\"http:\/\/www.penman.fi\/www\/wp-content\/uploads\/2012\/04\/asukkaalle.jpg\"><img decoding=\"async\" loading=\"lazy\" class=\"alignleft size-full wp-image-123\" title=\"asukkaalle\" src=\"http:\/\/www.penman.fi\/www\/wp-content\/uploads\/2012\/04\/asukkaalle.jpg\" alt=\"\" width=\"400\" height=\"250\" srcset=\"https:\/\/www.penman.fi\/www\/wp-content\/uploads\/2012\/04\/asukkaalle.jpg 400w, https:\/\/www.penman.fi\/www\/wp-content\/uploads\/2012\/04\/asukkaalle-300x187.jpg 300w\" sizes=\"(max-width: 400px) 100vw, 400px\" \/><\/a><\/p>\n<p>&nbsp;<\/p>\n<p>&nbsp;<\/p>\n<p>&nbsp;<\/p>\n<p>&nbsp;<\/p>\n<p>&nbsp;<\/p>\n<p>&nbsp;<\/p>\n<p>&nbsp;<\/p>\n<p>&nbsp;<\/p>\n<p>&nbsp;<\/p>\n<p>&nbsp;<\/p>\n<ul>\n<li>Ilmoittaudu asukkaaksi &#8211; tee muuttoilmoitus<\/li>\n<li>Tutustu asumisen ohjeisiin<\/li>\n<li>Maksa vastikkeet tilisiirrolla tai suoraveloituksella<\/li>\n<li>Tilap\u00e4isist\u00e4 maksuvaikeuksista kannatta ilmoittaa aina<\/li>\n<li>Maksujen laiminly\u00f6nnist\u00e4 seuraa perint\u00e4<\/li>\n<li>Vesimaksu on omistajan vastuulla<\/li>\n<li>Vastikkeen maksu varmistaa yhti\u00f6n maksuvalmiuden<\/li>\n<li>Tee vikailmoitus<\/li>\n<li>Ilmoita j\u00e4rjestysh\u00e4iri\u00f6ist\u00e4 is\u00e4nn\u00f6itsij\u00e4lle<\/li>\n<li>Kysyv\u00e4 ei tielt\u00e4 eksy<\/li>\n<\/ul>\n<p>&nbsp;<\/p>\n","protected":false},"excerpt":{"rendered":"<p>Muuttajan muistilista &nbsp; &nbsp; &nbsp; &nbsp; &nbsp; &nbsp; &nbsp; &nbsp; &nbsp; &nbsp; Ilmoittaudu asukkaaksi &#8211; tee muuttoilmoitus Tutustu asumisen ohjeisiin Maksa vastikkeet tilisiirrolla tai suoraveloituksella Tilap\u00e4isist\u00e4 maksuvaikeuksista kannatta ilmoittaa aina Maksujen laiminly\u00f6nnist\u00e4 seuraa perint\u00e4 Vesimaksu on omistajan vastuulla Vastikkeen maksu varmistaa yhti\u00f6n maksuvalmiuden Tee vikailmoitus Ilmoita j\u00e4rjestysh\u00e4iri\u00f6ist\u00e4 is\u00e4nn\u00f6itsij\u00e4lle Kysyv\u00e4 ei tielt\u00e4 eksy &nbsp;<\/p>\n","protected":false},"author":1,"featured_media":0,"parent":0,"menu_order":5,"comment_status":"closed","ping_status":"closed","template":"","meta":{"_monsterinsights_skip_tracking":false,"_monsterinsights_sitenote_active":false,"_monsterinsights_sitenote_note":"","_monsterinsights_sitenote_category":0},"_links":{"self":[{"href":"https:\/\/www.penman.fi\/www\/index.php?rest_route=\/wp\/v2\/pages\/24"}],"collection":[{"href":"https:\/\/www.penman.fi\/www\/index.php?rest_route=\/wp\/v2\/pages"}],"about":[{"href":"https:\/\/www.penman.fi\/www\/index.php?rest_route=\/wp\/v2\/types\/page"}],"author":[{"embeddable":true,"href":"https:\/\/www.penman.fi\/www\/index.php?rest_route=\/wp\/v2\/users\/1"}],"replies":[{"embeddable":true,"href":"https:\/\/www.penman.fi\/www\/index.php?rest_route=%2Fwp%2Fv2%2Fcomments&post=24"}],"version-history":[{"count":9,"href":"https:\/\/www.penman.fi\/www\/index.php?rest_route=\/wp\/v2\/pages\/24\/revisions"}],"predecessor-version":[{"id":128,"href":"https:\/\/www.penman.fi\/www\/index.php?rest_route=\/wp\/v2\/pages\/24\/revisions\/128"}],"wp:attachment":[{"href":"https:\/\/www.penman.fi\/www\/index.php?rest_route=%2Fwp%2Fv2%2Fmedia&parent=24"}],"curies":[{"name":"wp","href":"https:\/\/api.w.org\/{rel}","templated":true}]}}