{"id":133,"date":"2012-04-20T14:07:23","date_gmt":"2012-04-20T11:07:23","guid":{"rendered":"http:\/\/www.penman.fi\/www\/?page_id=133"},"modified":"2012-05-01T13:44:40","modified_gmt":"2012-05-01T10:44:40","slug":"remontti-ilmoitus","status":"publish","type":"page","link":"https:\/\/www.penman.fi\/www\/?page_id=133","title":{"rendered":"Remontti-ilmoitus"},"content":{"rendered":"<h1>Ilmoita korjaust\u00f6ist\u00e4 etuk\u00e4teen!<\/h1>\n<p>&nbsp;<\/p>\n<p><strong>Asunto-osakeyhti\u00f6laki<\/strong> velvoittaa, ett\u00e4 osakkaan tulee <strong>anoa lupa<\/strong> taloyhti\u00f6lt\u00e4 ennen huoneistonsa remontin aloittamista, mik\u00e4li remontti voi vaikuttaa talon rakenteisiin tai naapurihuoneistoihin. Joissakin tapauksissa riitt\u00e4\u00e4 <strong>kirjallinen remontti-ilmoitus<\/strong> (esim. keitti\u00f6n koneiden ja laitteiden uusiminen, lattiamateriaalin uusiminen kuivissa tiloissa, mik\u00e4li k\u00e4ytett\u00e4v\u00e4 materiaali on samankaltainen kuin ennenkin). Pienist\u00e4 pintaremonteista, kuten kuivien tilojen seinien maalauksesta tai tapetoinnista, ei tarvitse ilmoittaa.<\/p>\n<p><strong>Aina kannattaa kuitenkin varmuuden vuoksi kysy\u00e4 is\u00e4nn\u00f6itsij\u00e4lt\u00e4, ennen kuin aloitat!<\/strong><\/p>\n<p>&nbsp;<\/p>\n<p><a href=\"http:\/\/www.penman.fi\/images\/remontti-ilmoitus.pdf\" target=\"_blank\">Lataa t\u00e4st\u00e4 t\u00e4ytett\u00e4v\u00e4 ja tulostettava remontti-ilmoituslomake.<\/a><\/p>\n<p>&nbsp;<\/p>\n<p>Tarvitset lomakkeen avaamiseen, tallentamiseen ja tulostamiseen Acrobat Reader -ohjelman, joka l\u00f6ytyy useimmista tietokoneista. Mik\u00e4li koneellasi ei ole Acrobatia, voit ladata sen ilmaiseksi<a href=\"http:\/\/get.adobe.com\/fi\/reader\/\" target=\"_blank\"> t\u00e4st\u00e4.<\/a><\/p>\n<p>&nbsp;<\/p>\n<p><strong>Huom!<\/strong> Kone- ja selainkohtaisten asetusten vuoksi lomake saattaa my\u00f6s aueta uuteen selainikkunaan, jolloin sen tulostus- ja tallennustoiminnot eiv\u00e4t v\u00e4ltt\u00e4m\u00e4tt\u00e4 ole k\u00e4ytett\u00e4viss\u00e4 &#8211; t\u00e4m\u00e4 riippuu k\u00e4ytt\u00e4m\u00e4st\u00e4si selaimesta. Lataa lomake omalle koneellesi klikkaamalla yll\u00e4 n\u00e4kyv\u00e4\u00e4 latauslinkki\u00e4 hiiren kakkospainikkeella ja valitsemalla sit\u00e4 kautta tiedoston lataaminen omalle koneelle. Kun olet tallentanut lomakkeen esim. koneesi ty\u00f6p\u00f6yd\u00e4lle, voit avata sen Acrobat Readeriin kaksoisklikkaamalla kuvaketta. Voit t\u00e4ytt\u00e4misen j\u00e4lkeen tallentaa tekem\u00e4si muutokset tiedostoon ja sen j\u00e4lkeen joko tulostaa tiedoston tai l\u00e4hett\u00e4\u00e4 sen s\u00e4hk\u00f6postin liitetiedostona Penmanille.<\/p>\n","protected":false},"excerpt":{"rendered":"<p>Ilmoita korjaust\u00f6ist\u00e4 etuk\u00e4teen! &nbsp; Asunto-osakeyhti\u00f6laki velvoittaa, ett\u00e4 osakkaan tulee anoa lupa taloyhti\u00f6lt\u00e4 ennen huoneistonsa remontin aloittamista, mik\u00e4li remontti voi vaikuttaa talon rakenteisiin tai naapurihuoneistoihin. Joissakin tapauksissa riitt\u00e4\u00e4 kirjallinen remontti-ilmoitus (esim. keitti\u00f6n koneiden ja laitteiden uusiminen, lattiamateriaalin uusiminen kuivissa tiloissa, mik\u00e4li k\u00e4ytett\u00e4v\u00e4 materiaali on samankaltainen kuin ennenkin). Pienist\u00e4 pintaremonteista, kuten kuivien tilojen seinien maalauksesta tai tapetoinnista, [&hellip;]<\/p>\n","protected":false},"author":1,"featured_media":0,"parent":7,"menu_order":200,"comment_status":"closed","ping_status":"closed","template":"","meta":{"_monsterinsights_skip_tracking":false,"_monsterinsights_sitenote_active":false,"_monsterinsights_sitenote_note":"","_monsterinsights_sitenote_category":0},"_links":{"self":[{"href":"https:\/\/www.penman.fi\/www\/index.php?rest_route=\/wp\/v2\/pages\/133"}],"collection":[{"href":"https:\/\/www.penman.fi\/www\/index.php?rest_route=\/wp\/v2\/pages"}],"about":[{"href":"https:\/\/www.penman.fi\/www\/index.php?rest_route=\/wp\/v2\/types\/page"}],"author":[{"embeddable":true,"href":"https:\/\/www.penman.fi\/www\/index.php?rest_route=\/wp\/v2\/users\/1"}],"replies":[{"embeddable":true,"href":"https:\/\/www.penman.fi\/www\/index.php?rest_route=%2Fwp%2Fv2%2Fcomments&post=133"}],"version-history":[{"count":9,"href":"https:\/\/www.penman.fi\/www\/index.php?rest_route=\/wp\/v2\/pages\/133\/revisions"}],"predecessor-version":[{"id":136,"href":"https:\/\/www.penman.fi\/www\/index.php?rest_route=\/wp\/v2\/pages\/133\/revisions\/136"}],"up":[{"embeddable":true,"href":"https:\/\/www.penman.fi\/www\/index.php?rest_route=\/wp\/v2\/pages\/7"}],"wp:attachment":[{"href":"https:\/\/www.penman.fi\/www\/index.php?rest_route=%2Fwp%2Fv2%2Fmedia&parent=133"}],"curies":[{"name":"wp","href":"https:\/\/api.w.org\/{rel}","templated":true}]}}